{"id":1570,"date":"2024-05-21T13:22:34","date_gmt":"2024-05-21T11:22:34","guid":{"rendered":"https:\/\/e-ariston.es\/formaciones\/?page_id=1570"},"modified":"2024-05-21T13:22:34","modified_gmt":"2024-05-21T11:22:34","slug":"herramientas","status":"publish","type":"page","link":"https:\/\/e-ariston.es\/formaciones\/herramientas\/","title":{"rendered":"Herramientas"},"content":{"rendered":"<div id='layer_slider_1'  class='avia-layerslider main_color avia-shadow  avia-builder-el-0  el_before_av_one_fourth  avia-builder-el-first  container_wrap fullsize'  style='height: 541px; max-width: 1000px; margin: 0 auto;'  ><\/div><div id='after_layer_slider_1'  class='main_color av_default_container_wrap container_wrap fullsize'  ><div class='container av-section-cont-open' ><div class='template-page content  av-content-full alpha units'><div class='post-entry post-entry-type-page post-entry-1570'><div class='entry-content-wrapper clearfix'>\n<div  class='flex_column av-av_one_fourth-692a56cb27b4036f41891925b87c1c70 av_one_fourth  avia-builder-el-1  el_after_av_layerslider  el_before_av_one_fourth  avia-builder-el-first  first flex_column_div  '     ><p>\n<style type=\"text\/css\" data-created_by=\"avia_inline_auto\" id=\"style-css-av-lwgami6c-c7413d8b0540bdc4e452600550c6e661\">\n.avia-image-container.av-lwgami6c-c7413d8b0540bdc4e452600550c6e661 img.avia_image{\nbox-shadow:none;\n}\n.avia-image-container.av-lwgami6c-c7413d8b0540bdc4e452600550c6e661 .av-image-caption-overlay-center{\ncolor:#ffffff;\n}\n<\/style>\n<div  class='avia-image-container av-lwgami6c-c7413d8b0540bdc4e452600550c6e661 av-styling- avia-align-center  avia-builder-el-2  el_before_av_textblock  avia-builder-el-first '   itemprop=\"image\" itemscope=\"itemscope\" itemtype=\"https:\/\/schema.org\/ImageObject\" ><div class=\"avia-image-container-inner\"><div class=\"avia-image-overlay-wrap\"><img decoding=\"async\" fetchpriority=\"high\" class='wp-image-1583 avia-img-lazy-loading-not-1583 avia_image ' src=\"https:\/\/e-ariston.es\/formaciones\/wp-content\/uploads\/2024\/05\/5DN1MlQd-oneteam-estudios.svg\" alt='' title='5DN1MlQd-oneteam-estudios'   itemprop=\"thumbnailUrl\"  \/><\/div><\/div><\/div><br \/>\n<section  class='av_textblock_section av-lwgamwnw-1bc2e4c3955e985678ea06e327450885 '   itemscope=\"itemscope\" itemtype=\"https:\/\/schema.org\/CreativeWork\" ><div class='avia_textblock'  itemprop=\"text\" ><h5 style=\"text-align: center;\">ESTUDIOS<\/h5>\n<p style=\"text-align: center;\">La herramienta ideal para instaladores arquitectos e ingenieros. En ella podr\u00e1s crear proyectos donde realizar estudios con los productos de Aerotermia Ariston.<\/p>\n<\/div><\/section><\/p><\/div><div  class='flex_column av-av_one_fourth-7bd3f5cd863a6256abcb544d7c276d96 av_one_fourth  avia-builder-el-4  el_after_av_one_fourth  el_before_av_one_fourth  flex_column_div  '     ><p>\n<style type=\"text\/css\" data-created_by=\"avia_inline_auto\" id=\"style-css-av-lwgaqi21-ab2defb86bf9064b139660e8d33e81ec\">\n.avia-image-container.av-lwgaqi21-ab2defb86bf9064b139660e8d33e81ec img.avia_image{\nbox-shadow:none;\n}\n.avia-image-container.av-lwgaqi21-ab2defb86bf9064b139660e8d33e81ec .av-image-caption-overlay-center{\ncolor:#ffffff;\n}\n<\/style>\n<div  class='avia-image-container av-lwgaqi21-ab2defb86bf9064b139660e8d33e81ec av-styling- avia-align-center  avia-builder-el-5  el_before_av_textblock  avia-builder-el-first '   itemprop=\"image\" itemscope=\"itemscope\" itemtype=\"https:\/\/schema.org\/ImageObject\" ><div class=\"avia-image-container-inner\"><div class=\"avia-image-overlay-wrap\"><img decoding=\"async\" fetchpriority=\"high\" class='wp-image-1585 avia-img-lazy-loading-not-1585 avia_image ' src=\"https:\/\/e-ariston.es\/formaciones\/wp-content\/uploads\/2024\/05\/L7N6uNgV-oneteam-documentazione.svg\" alt='' title='L7N6uNgV-oneteam-documentazione'   itemprop=\"thumbnailUrl\"  \/><\/div><\/div><\/div><br \/>\n<section  class='av_textblock_section av-lwgaq4jn-a267ff7e7a47cec1a32c62ac9151f71e '   itemscope=\"itemscope\" itemtype=\"https:\/\/schema.org\/CreativeWork\" ><div class='avia_textblock'  itemprop=\"text\" ><h5 style=\"text-align: center;\">DOCUMENTACI\u00d3N<\/h5>\n<p style=\"text-align: center;\">Dispone de todos los manuales, cat\u00e1logos de precios actualizados y documentaci\u00f3n t\u00e9cnica actualizada de todos los productos de Ariston.<\/p>\n<\/div><\/section><\/p><\/div><div  class='flex_column av-av_one_fourth-7bd3f5cd863a6256abcb544d7c276d96 av_one_fourth  avia-builder-el-7  el_after_av_one_fourth  el_before_av_one_fourth  flex_column_div  '     ><p>\n<style type=\"text\/css\" data-created_by=\"avia_inline_auto\" id=\"style-css-av-lwgarzlk-c090102455c148fc01d1e5b11b1d6fee\">\n.avia-image-container.av-lwgarzlk-c090102455c148fc01d1e5b11b1d6fee img.avia_image{\nbox-shadow:none;\n}\n.avia-image-container.av-lwgarzlk-c090102455c148fc01d1e5b11b1d6fee .av-image-caption-overlay-center{\ncolor:#ffffff;\n}\n<\/style>\n<div  class='avia-image-container av-lwgarzlk-c090102455c148fc01d1e5b11b1d6fee av-styling- avia-align-center  avia-builder-el-8  el_before_av_textblock  avia-builder-el-first '   itemprop=\"image\" itemscope=\"itemscope\" itemtype=\"https:\/\/schema.org\/ImageObject\" ><div class=\"avia-image-container-inner\"><div class=\"avia-image-overlay-wrap\"><img decoding=\"async\" fetchpriority=\"high\" class='wp-image-1587 avia-img-lazy-loading-not-1587 avia_image ' src=\"https:\/\/e-ariston.es\/formaciones\/wp-content\/uploads\/2024\/05\/czOhNGnN-oneteam-myteam.svg\" alt='' title='czOhNGnN-oneteam-myteam'   itemprop=\"thumbnailUrl\"  \/><\/div><\/div><\/div><br \/>\n<section  class='av_textblock_section av-lwgasbsg-d43822c9889b8e36b733abdb025f4d45 '   itemscope=\"itemscope\" itemtype=\"https:\/\/schema.org\/CreativeWork\" ><div class='avia_textblock'  itemprop=\"text\" ><h5 style=\"text-align: center;\">CLUB MYTEAM<\/h5>\n<p style=\"text-align: center;\">Nuestro cat\u00e1logo de regalos incluye una amplia selecci\u00f3n de regalos de tecnolog\u00eda, tiempo libre, hogar, familia, gourmet y herramientas para tu negocio.<\/p>\n<\/div><\/section><\/p><\/div><div  class='flex_column av-av_one_fourth-7bd3f5cd863a6256abcb544d7c276d96 av_one_fourth  avia-builder-el-10  el_after_av_one_fourth  avia-builder-el-last  flex_column_div  '     ><p>\n<style type=\"text\/css\" data-created_by=\"avia_inline_auto\" id=\"style-css-av-lwgazbmy-d8e565933c057f10d5f979b8e54a8ae9\">\n.avia-image-container.av-lwgazbmy-d8e565933c057f10d5f979b8e54a8ae9 img.avia_image{\nbox-shadow:none;\n}\n.avia-image-container.av-lwgazbmy-d8e565933c057f10d5f979b8e54a8ae9 .av-image-caption-overlay-center{\ncolor:#ffffff;\n}\n<\/style>\n<div  class='avia-image-container av-lwgazbmy-d8e565933c057f10d5f979b8e54a8ae9 av-styling- avia-align-center  avia-builder-el-11  el_before_av_textblock  avia-builder-el-first '   itemprop=\"image\" itemscope=\"itemscope\" itemtype=\"https:\/\/schema.org\/ImageObject\" ><div class=\"avia-image-container-inner\"><div class=\"avia-image-overlay-wrap\"><img decoding=\"async\" fetchpriority=\"high\" class='wp-image-1589 avia-img-lazy-loading-not-1589 avia_image ' src=\"https:\/\/e-ariston.es\/formaciones\/wp-content\/uploads\/2024\/05\/feIk0p9Y-oneteam-formazione.svg\" alt='' title='feIk0p9Y-oneteam-formazione'   itemprop=\"thumbnailUrl\"  \/><\/div><\/div><\/div><br \/>\n<section  class='av_textblock_section av-lwgb2gtd-87366e8dfa8933e59c8217a86965872c '   itemscope=\"itemscope\" itemtype=\"https:\/\/schema.org\/CreativeWork\" ><div class='avia_textblock'  itemprop=\"text\" ><h5 style=\"text-align: center;\">FORMACI\u00d3N<\/h5>\n<p style=\"text-align: center;\">Accede a\u00a0 las presentaciones de nuestros poroductos y comienza a formarte en en la instalaci\u00f3n de nuestros equipos.<\/p>\n<\/div><\/section><\/p><\/div><\/p>\n","protected":false},"excerpt":{"rendered":"","protected":false},"author":3,"featured_media":0,"parent":0,"menu_order":0,"comment_status":"closed","ping_status":"closed","template":"","meta":{"footnotes":""},"class_list":["post-1570","page","type-page","status-publish","hentry"],"_links":{"self":[{"href":"https:\/\/e-ariston.es\/formaciones\/wp-json\/wp\/v2\/pages\/1570","targetHints":{"allow":["GET"]}}],"collection":[{"href":"https:\/\/e-ariston.es\/formaciones\/wp-json\/wp\/v2\/pages"}],"about":[{"href":"https:\/\/e-ariston.es\/formaciones\/wp-json\/wp\/v2\/types\/page"}],"author":[{"embeddable":true,"href":"https:\/\/e-ariston.es\/formaciones\/wp-json\/wp\/v2\/users\/3"}],"replies":[{"embeddable":true,"href":"https:\/\/e-ariston.es\/formaciones\/wp-json\/wp\/v2\/comments?post=1570"}],"version-history":[{"count":7,"href":"https:\/\/e-ariston.es\/formaciones\/wp-json\/wp\/v2\/pages\/1570\/revisions"}],"predecessor-version":[{"id":1591,"href":"https:\/\/e-ariston.es\/formaciones\/wp-json\/wp\/v2\/pages\/1570\/revisions\/1591"}],"wp:attachment":[{"href":"https:\/\/e-ariston.es\/formaciones\/wp-json\/wp\/v2\/media?parent=1570"}],"curies":[{"name":"wp","href":"https:\/\/api.w.org\/{rel}","templated":true}]}}