{"id":3,"date":"2020-03-25T08:21:34","date_gmt":"2020-03-25T08:21:34","guid":{"rendered":"https:\/\/e-ariston.es\/webinars\/?page_id=3"},"modified":"2020-05-27T13:26:34","modified_gmt":"2020-05-27T11:26:34","slug":"politica-privacidad","status":"publish","type":"page","link":"https:\/\/e-ariston.es\/formaciones\/politica-privacidad\/","title":{"rendered":"Pol\u00edtica de privacidad"},"content":{"rendered":"\r\n<p><strong>Finalidad\u00a0del tratamiento:\u00a0<\/strong><br \/>&#8211; La participaci\u00f3n en formaciones impartidas por profesionales de Ariston Thermo Espa\u00f1a SL<br \/>&#8211; Participaci\u00f3n en programas de fidelizaci\u00f3n y\/o registro de datos en el CRM de la Empresa.<br \/>&#8211; Control remoto de productos ATG, prevenci\u00f3n y resoluci\u00f3n de aver\u00edas, otros servicios posventa.<br \/>&#8211; Informe mensual de consumo del producto (\u00fanicamente si el producto est\u00e1 conectado a Internet).<\/p>\r\n<p><strong>Base jur\u00eddica del tratamiento:\u00a0<\/strong><br \/>Ejecuci\u00f3n del contrato que afecte al sujeto de los datos.<\/p>\r\n<p><strong>Plazos de conservaci\u00f3n de los datos:\u00a0<\/strong><br \/>Duraci\u00f3n del contrato y, tras la finalizaci\u00f3n del mismo, 10 a\u00f1os (r\u00e9gimen de prescripci\u00f3n habitual).<\/p>\r\n<p>&nbsp;<\/p>\r\n<p><strong>Finalidad\u00a0del tratamiento:\u00a0<\/strong><br \/>An\u00e1lisis y agrupaci\u00f3n de tipos de clientes para mejorar el desarrollo empresarial.<\/p>\r\n<p><strong>Base jur\u00eddica del tratamiento:\u00a0<\/strong><br \/>Intereses leg\u00edtimos (mejor gesti\u00f3n del negocio).<\/p>\r\n<p><strong>Plazos de conservaci\u00f3n de los datos:\u00a0<\/strong><br \/>Duraci\u00f3n del contrato y, tras la finalizaci\u00f3n del mismo, 10 a\u00f1os (r\u00e9gimen de prescripci\u00f3n habitual).<br \/><br \/><br \/><\/p>\r\n<p><strong>Finalidad del tratamiento:\u00a0<\/strong><br \/>Cumplimiento de las obligaciones normativas y de la legislaci\u00f3n nacional y supranacional que sean de aplicaci\u00f3n.<\/p>\r\n<p><strong>Base jur\u00eddica del tratamiento:\u00a0<\/strong><br \/>Necesidad de cumplir las obligaciones legales.<\/p>\r\n<p><strong>Plazos de conservaci\u00f3n de los datos:\u00a0<\/strong><br \/>Plazo previsto por la ley (10 a\u00f1os en el caso de obligaciones administrativas-contables).<br \/><br \/><br \/><\/p>\r\n<p><strong>Finalidad del tratamiento:\u00a0<\/strong><br \/>Gesti\u00f3n de recursos de TI y de seguridad (copia de seguridad, restauraci\u00f3n, acceso l\u00f3gico a cuentas online).<\/p>\r\n<p><strong>Base jur\u00eddica del tratamiento:\u00a0<\/strong><br \/>Ejecuci\u00f3n del contrato que afecte al sujeto de los datos.<\/p>\r\n<p><strong>Plazos de conservaci\u00f3n de los datos:\u00a0<\/strong><br \/>Duraci\u00f3n del contrato y, tras la finalizaci\u00f3n del mismo, 10 a\u00f1os (r\u00e9gimen de prescripci\u00f3n habitual).<\/p>\r\n<p>&nbsp;<\/p>\r\n<p><strong>Finalidad del tratamiento:\u00a0<\/strong><br \/>En caso de ser necesario, determinar, ejercer y defender los derechos del Responsable del Tratamiento en procedimientos judiciales.<\/p>\r\n<p><strong>Base jur\u00eddica del tratamiento:\u00a0<\/strong><br \/>Intereses leg\u00edtimos (protecci\u00f3n jur\u00eddica).<\/p>\r\n<p><strong>Plazos de conservaci\u00f3n de los datos:\u00a0<\/strong><br \/>En caso de litigios, durante la instrucci\u00f3n de los mismos, y hasta que se cumpla el tiempo permitido para presentar apelaciones.<br \/><br \/><br \/><\/p>\r\n<p><strong>Finalidad del tratamiento:\u00a0<\/strong><br \/>Cobro de deudas extrajudicial.<\/p>\r\n<p><strong>Base jur\u00eddica del tratamiento:\u00a0<\/strong><br \/>Intereses leg\u00edtimos (protecci\u00f3n jur\u00eddica).<\/p>\r\n<p><strong>Plazos de conservaci\u00f3n de los datos:\u00a0<\/strong><br \/>En caso de litigios, durante la instrucci\u00f3n de los mismos, y hasta que se cumpla el tiempo permitido para presentar apelaciones.<br \/><br \/><br \/><\/p>\r\n<p><strong>Finalidad del tratamiento:\u00a0<\/strong><br \/>Actividades de marketing directo como env\u00edos \u2013a trav\u00e9s de mecanismos automatizadosde contacto (como sms, mms, correo electr\u00f3nico, redes sociales o aplicaciones de mensajer\u00eda instant\u00e1nea) y tradicionales (como llamadas por tel\u00e9fono con operador y correo postal)\u2013 de comunicaciones promocionales y comerciales sobre servicios\/productos que ofrece la Empresa, anuncios de eventos de la empresa, o encuestas para conocer el grado de satisfacci\u00f3n de los clientes, estudios de mercado y an\u00e1lisis estad\u00edsticos.<\/p>\r\n<p><strong>Base jur\u00eddica del tratamiento:\u00a0<\/strong><br \/>Consentimiento (facultativo y revocable en cualquier momento).<\/p>\r\n<p><strong>Plazos de conservaci\u00f3n de los datos:\u00a0<\/strong><br \/>Datos personales e informaci\u00f3n de contacto: hasta la revocaci\u00f3n del consentimiento. Informaci\u00f3n de compras: 24 meses despu\u00e9s de la obtenci\u00f3n de cada dato\u00a0.<br \/><br \/><br \/><\/p>\r\n<p><strong>Finalidad del tratamiento:\u00a0<\/strong><br \/>Elaboraci\u00f3n de perfiles: an\u00e1lisis de preferencias, costumbres, comportamientos, intereses (&#8230;) de clientes para enviar comunicaciones comerciales personalizadas \/ actividades promocionales espec\u00edficas \/ ofertas y servicios adaptados a las necesidades del cliente \/ preferencias. (Par\u00e1metros de CRM, Inteligencia Empresarial, extensi\u00f3n de garant\u00eda&#8230;).<\/p>\r\n<p><strong>Base jur\u00eddica del tratamiento:\u00a0<\/strong><br \/>Consentimiento (facultativo y revocable en cualquier momento).<\/p>\r\n<p><strong>Plazos de conservaci\u00f3n de los datos:\u00a0<\/strong><\/p>\r\n<p>Datos personales e informaci\u00f3n de contacto: hasta la revocaci\u00f3n del consentimiento. Informaci\u00f3n de compras: 24 meses despu\u00e9s de la obtenci\u00f3n de cada dato\u00a0.<br \/><br \/><strong>Una vez transcurrido el antedicho plazo de conservaci\u00f3n de los datos, estos ser\u00e1n destruidos o anonimizados.<br \/><br \/><\/strong><\/p>\r\n<p><strong>S<\/strong><strong>uministro de datos<br \/><\/strong>La informaci\u00f3n del formulario de recopilaci\u00f3n de datos que est\u00e9 marcada con un asterisco (*) debe suministrarse obligatoriamente para que la Empresa pueda proporcionar la informaci\u00f3n solicitada. Si no se suministra dicha informaci\u00f3n la Empresa no podr\u00e1 procesar la petici\u00f3n.<\/p>\r\n<p>&nbsp;<\/p>\r\n<p><strong>Destinatarios de los datos:\u00a0<\/strong><\/p>\r\n<p>Los datos pueden ser tratados por agentes externos que act\u00faen en calidad de responsables independientes del tratamiento como, por ejemplo, autoridades de control y supervisi\u00f3n y, en general, agentes p\u00fablicos o privados autorizados a recopilar los datos. Se pueden comunicar los datos a notarios, bufetes de abogados y contables.<\/p>\r\n<p>Tambi\u00e9n pueden tratar los datos, en nombre de la Empresa, agentes externos que hayan sido nombrados Encargados del tratamiento, que recibir\u00e1n las instrucciones pertinentes. Dichos agentes se pueden incluir b\u00e1sicamente en los siguientes grupos:<\/p>\r\n<ol>\r\n<li>empresas que ofrecen servicios de correo electr\u00f3nico;<\/li>\r\n<li>empresas que ofrecen servicios de mantenimiento de sitios web;<\/li>\r\n<li>empresas que ofrecen soporte para estudios de mercado;<\/li>\r\n<li>empresas y agencias del sector de organizaci\u00f3n de eventos y ferias;<\/li>\r\n<li>empresas que ofrecen servicios auxiliares para la consecuci\u00f3n de los fines que se incluyen en esta nota informativa (agencias de comunicaci\u00f3n, proveedores de TI, transportistas, integradores de software y sistemas, empresas de comercio electr\u00f3nico, asesor\u00edas, etc.);<\/li>\r\n<li>empresas que ofrecen servicios de atenci\u00f3n al cliente y de call center;<\/li>\r\n<\/ol>\r\n<p>empresas proveedoras de informaci\u00f3n.<\/p>\r\n<p>&nbsp;<\/p>\r\n<p><strong>Sujetos autorizados a tratar los datos:\u00a0<\/strong><br \/>Los datos pueden ser tratados por empleados de los departamentos responsables de llevar a cabo las actividades antedichas que hayan sido autorizados a tratar los datos y que hayan recibido las instrucciones pertinentes.<\/p>\r\n<p>&nbsp;<\/p>\r\n<p><strong>Transferencia de datos fuera de la UE:<\/strong><\/p>\r\n<p>Los datos se pueden transferir a pa\u00edses no europeos, y especialmente a Estados Unidos, pa\u00eds cuyo nivel de protecci\u00f3n de datos ha sido calificado como apropiado por la Comisi\u00f3n Europea de conformidad con el art. 45 del GDRP (Escudo Protector).<\/p>\r\n<p>Se puede consultar la decisi\u00f3n de la Comisi\u00f3n Europea sobre la adecuaci\u00f3n en el siguiente enlace: <a href=\"https:\/\/eur-lex.europa.eu\/legal-content\/es\/TXT\/PDF\/?uri=CELEX:32016D1250&amp;amp;amp;from=es\">https:\/\/eur-lex.europa.eu\/legal-content\/es\/TXT\/PDF\/?uri=CELEX:32016D1250&amp;amp;amp;from=es<\/a><\/p>\r\n<p>&nbsp;<\/p>\r\n<p><strong>Derechos del interesado. Reclamaci\u00f3n ante la autoridad de control\u00a0<\/strong><\/p>\r\n<p>Poni\u00e9ndose en contacto con Ariston Thermo Espa\u00f1a SL por correo postal a la direcci\u00f3n Plaza Xavier Cugat 2, Edificio A, Planta 2, 08174 \u2013 Sant Cugat del Vall\u00e8s (Barcelona), por correo electr\u00f3nico a la direcci\u00f3n proteccion.datos@aristonthermo.com, los sujetos de los datos pueden solicitar a la Empresa el acceso a los datos referidos a ellos, su rectificaci\u00f3n o supresi\u00f3n, y tambi\u00e9n tienen derecho a limitar el tratamiento de los datos en los casos contemplados en el art\u00edculo 18 GDPR, as\u00ed como a oponerse al tratamiento en caso de intereses leg\u00edtimos del responsable del tratamiento.<\/p>\r\n<p>Asimismo, en caso de que el tratamiento se base en el consentimiento o en el contrato y se lleve a cabo mediante instrumentos automatizados, los sujetos de los datos tienen derecho a recibir los datos personales en un formato estructurado, de uso com\u00fan y legible por dispositivos autom\u00e1ticos, y a transmitirlos a otro responsable de tratamiento sin impedimento alguno.<\/p>\r\n<p>Los sujetos de los datos tienen derecho a revocar en cualquier momento el consentimiento dado para las actividades de marketing y a oponerse al tratamiento de los datos tratados para las mismas actividades. Los sujetos de los datos pueden indicar por qu\u00e9 medios prefieren que se pongan en contacto con ellos para los fines antedichos por medios tradicionales y pueden manifestar su oposici\u00f3n a recibir comunicaciones \u00fanicamente por medios automatizados.<\/p>\r\n<p>Los sujetos de los datos tienen derecho a presentar una reclamaci\u00f3n ante la Autoridad de supervisi\u00f3n competente del Estado miembro en el que trabajen o residan o del Estado en el que se haya producido el presunto incumplimiento.<\/p>\r\n","protected":false},"excerpt":{"rendered":"<p>Finalidad\u00a0del tratamiento:\u00a0&#8211; La participaci\u00f3n en formaciones impartidas por profesionales de Ariston Thermo Espa\u00f1a SL&#8211; Participaci\u00f3n en programas de fidelizaci\u00f3n y\/o registro de datos en el CRM de la Empresa.&#8211; Control remoto de productos ATG, prevenci\u00f3n y resoluci\u00f3n de aver\u00edas, otros servicios posventa.&#8211; Informe mensual de consumo del producto (\u00fanicamente si el producto est\u00e1 conectado a [&hellip;]<\/p>\n","protected":false},"author":2,"featured_media":0,"parent":0,"menu_order":0,"comment_status":"closed","ping_status":"open","template":"","meta":{"footnotes":""},"class_list":["post-3","page","type-page","status-publish","hentry"],"_links":{"self":[{"href":"https:\/\/e-ariston.es\/formaciones\/wp-json\/wp\/v2\/pages\/3","targetHints":{"allow":["GET"]}}],"collection":[{"href":"https:\/\/e-ariston.es\/formaciones\/wp-json\/wp\/v2\/pages"}],"about":[{"href":"https:\/\/e-ariston.es\/formaciones\/wp-json\/wp\/v2\/types\/page"}],"author":[{"embeddable":true,"href":"https:\/\/e-ariston.es\/formaciones\/wp-json\/wp\/v2\/users\/2"}],"replies":[{"embeddable":true,"href":"https:\/\/e-ariston.es\/formaciones\/wp-json\/wp\/v2\/comments?post=3"}],"version-history":[{"count":5,"href":"https:\/\/e-ariston.es\/formaciones\/wp-json\/wp\/v2\/pages\/3\/revisions"}],"predecessor-version":[{"id":1118,"href":"https:\/\/e-ariston.es\/formaciones\/wp-json\/wp\/v2\/pages\/3\/revisions\/1118"}],"wp:attachment":[{"href":"https:\/\/e-ariston.es\/formaciones\/wp-json\/wp\/v2\/media?parent=3"}],"curies":[{"name":"wp","href":"https:\/\/api.w.org\/{rel}","templated":true}]}}